{"id":57586,"date":"2021-03-12T11:49:07","date_gmt":"2021-03-12T10:49:07","guid":{"rendered":"https:\/\/www.eureausources.com\/particuliers\/?page_id=57586"},"modified":"2021-03-22T13:23:38","modified_gmt":"2021-03-22T12:23:38","slug":"notre-entreprise","status":"publish","type":"page","link":"https:\/\/www.eureausources.com\/particuliers\/notre-entreprise\/","title":{"rendered":"Notre entreprise"},"content":{"rendered":"<div class=\"wpb-content-wrapper\"><p>[vc_section][vc_row][vc_column width=\u00a0\u00bb1\/4&Prime;][vc_wp_custommenu title=\u00a0\u00bbTh\u00e9matiques\u00a0\u00bb nav_menu=\u00a0\u00bb185&Prime;][\/vc_column][vc_column width=\u00a0\u00bb3\/4&Prime;][vc_row_inner css=\u00a0\u00bb.vc_custom_1615304625263{padding-bottom: 30px !important;}\u00a0\u00bb][vc_column_inner][vc_column_text css=\u00a0\u00bb.vc_custom_1615556219751{padding-bottom: 10px !important;}\u00a0\u00bb]<\/p>\n<h3>Comment avoir plus d\u2019informations sur les sources d\u2019eureau Sources ?<\/h3>\n<p>[\/vc_column_text][vc_column_text]Des informations d\u00e9taill\u00e9es sur l\u2019exploitation, la production et la qualit\u00e9 chez eureau Sources sont disponibles <a href=\"https:\/\/www.eureausources.com\/distributeurs\/index.php\/eureau-sources\" target=\"_blank\" rel=\"noopener\">ici<\/a><em><strong>.<\/strong><\/em>[\/vc_column_text][\/vc_column_inner][\/vc_row_inner][vc_separator color=\u00a0\u00bbcustom\u00a0\u00bb accent_color=\u00a0\u00bb#a5c5ed\u00a0\u00bb][vc_row_inner css=\u00a0\u00bb.vc_custom_1616415802202{padding-top: 30px !important;padding-bottom: 30px !important;}\u00a0\u00bb][vc_column_inner][vc_column_text css=\u00a0\u00bb.vc_custom_1615546118110{padding-bottom: 10px !important;}\u00a0\u00bb]<\/p>\n<h3>Qui est eureau Sources ?<\/h3>\n<p>[\/vc_column_text][vc_column_text]eureau Sources est une PME fran\u00e7aise d\u2019une quarantaine de salari\u00e9s sp\u00e9cialis\u00e9e dans le conditionnement d\u2019eau de source de qualit\u00e9 dans des bonbonnes consign\u00e9es. Au d\u00e9part, dans les ann\u00e9es 90, l\u2019activit\u00e9 \u00e9tait \u00e0 destination des fontaines r\u00e9frig\u00e9rantes dans les entreprises, les services et les administrations. Constern\u00e9s par l\u2019immense g\u00e2chis que repr\u00e9sente les milliards de bouteilles \u00e0 usage unique qui sont jet\u00e9es chaque ann\u00e9e dans les ordures, rien qu\u2019en France, les salari\u00e9s d\u2019eureau Sources ont souhait\u00e9 proposer leurs eaux de sources au familles et aux foyers particuliers afin de promouvoir une consommation responsable, \u00e9cologique et durable. <a href=\"https:\/\/www.eureausources.com\/distributeurs\/\">Cliquez ici pour acc\u00e9der au reste du site<\/a>[\/vc_column_text][\/vc_column_inner][\/vc_row_inner][\/vc_column][\/vc_row][\/vc_section][vc_section disable_element=\u00a0\u00bbyes\u00a0\u00bb css=\u00a0\u00bb.vc_custom_1615903358137{margin-top: 60px !important;margin-bottom: 30px !important;}\u00a0\u00bb][vc_row equal_height=\u00a0\u00bbyes\u00a0\u00bb content_placement=\u00a0\u00bbmiddle\u00a0\u00bb type=\u00a0\u00bbvc_default\u00a0\u00bb full_width_padding_left=\u00a0\u00bb40&Prime; full_width_padding_right=\u00a0\u00bb40&Prime; full_width_margin_top=\u00a0\u00bb0&Prime; full_width_margin_bottom=\u00a0\u00bb0&Prime;][vc_column width=\u00a0\u00bb1\/2&Prime; css=\u00a0\u00bb.vc_custom_1615273797516{padding-top: 50px !important;padding-right: 0px !important;padding-bottom: 50px !important;padding-left: 0px !important;background-color: #06038d !important;}\u00a0\u00bb el_class=\u00a0\u00bbbkg-deep-blue\u00a0\u00bb][vc_column_text]<\/p>\n<h2 style=\"text-align: center;\">Vous \u00eates commer\u00e7ant<br \/>\net vous souhaitez<br \/>\nnous distribuer ?<\/h2>\n<p>[\/vc_column_text][vc_btn title=\u00a0\u00bbContactez-nous !\u00a0\u00bb size=\u00a0\u00bblg\u00a0\u00bb align=\u00a0\u00bbcenter\u00a0\u00bb css=\u00a0\u00bb.vc_custom_1615903347450{margin-top: 30px !important;}\u00a0\u00bb el_class=\u00a0\u00bbbouton-blanc\u00a0\u00bb link=\u00a0\u00bburl:https%3A%2F%2Fwww.eureausources.com%2Fdistributeurs%2Findex.php%2Fcontact|title:Vous%20%C3%AAtes%20commer%C3%A7ant%20et%20vous%20souhaitez%20nous%20distribuer%20%3F\u00a0\u00bb][\/vc_column][vc_column width=\u00a0\u00bb1\/2&Prime; css=\u00a0\u00bb.vc_custom_1615273768865{padding-right: 0px !important;padding-left: 0px !important;}\u00a0\u00bb][vc_single_image image=\u00a0\u00bb57563&Prime; img_size=\u00a0\u00bbfull\u00a0\u00bb alignment=\u00a0\u00bbcenter\u00a0\u00bb][\/vc_column][\/vc_row][\/vc_section][vc_section css=\u00a0\u00bb.vc_custom_1615274928674{margin-top: 60px !important;margin-bottom: 30px !important;}\u00a0\u00bb][vc_row equal_height=\u00a0\u00bbyes\u00a0\u00bb content_placement=\u00a0\u00bbmiddle\u00a0\u00bb bg_type=\u00a0\u00bbimage\u00a0\u00bb parallax_style=\u00a0\u00bbvcpb-default\u00a0\u00bb bg_image_new=\u00a0\u00bbid^57562|url^https:\/\/www.eureausources.com\/particuliers\/wp-content\/uploads\/2021\/03\/img-point-de-vente@2x.png|caption^null|alt^null|title^img-point-de-vente@2x|description^null\u00a0\u00bb type=\u00a0\u00bbvc_default\u00a0\u00bb full_width_padding_left=\u00a0\u00bb40&Prime; full_width_padding_right=\u00a0\u00bb40&Prime; full_width_margin_top=\u00a0\u00bb0&Prime; full_width_margin_bottom=\u00a0\u00bb0&Prime;][vc_column css=\u00a0\u00bb.vc_custom_1615902330193{padding-top: 120px !important;padding-bottom: 120px !important;}\u00a0\u00bb el_class=\u00a0\u00bbbkg-deep-blue\u00a0\u00bb][vc_column_text]<\/p>\n<h2 style=\"text-align: center;\">Trouvez un point de vente<br \/>\n\u00e0 c\u00f4t\u00e9 de chez vous !<\/h2>\n<p>[\/vc_column_text][vc_btn title=\u00a0\u00bbTrouver mon point de vente\u00a0\u00bb color=\u00a0\u00bbprimary\u00a0\u00bb size=\u00a0\u00bblg\u00a0\u00bb align=\u00a0\u00bbcenter\u00a0\u00bb css=\u00a0\u00bb.vc_custom_1615902493669{margin-top: 30px !important;}\u00a0\u00bb el_class=\u00a0\u00bbbouton-deep-blue\u00a0\u00bb link=\u00a0\u00bburl:https%3A%2F%2Fwww.eureausources.com%2Fparticuliers%2Fou-nous-trouver%2F\u00a0\u00bb][\/vc_column][\/vc_row][\/vc_section]<\/p>\n<\/div>","protected":false},"excerpt":{"rendered":"<p>[vc_section][vc_row][vc_column width=\u00a0\u00bb1\/4&Prime;][vc_wp_custommenu title=\u00a0\u00bbTh\u00e9matiques\u00a0\u00bb nav_menu=\u00a0\u00bb185&Prime;][\/vc_column][vc_column width=\u00a0\u00bb3\/4&Prime;][vc_row_inner css=\u00a0\u00bb.vc_custom_1615304625263{padding-bottom: 30px !important;}\u00a0\u00bb][vc_column_inner][vc_column_text css=\u00a0\u00bb.vc_custom_1615556219751{padding-bottom: 10px !important;}\u00a0\u00bb] Comment avoir plus d\u2019informations sur les sources d\u2019eureau Sources ? [\/vc_column_text][vc_column_text]Des informations d\u00e9taill\u00e9es sur l\u2019exploitation, la production et la qualit\u00e9 chez eureau Sources sont disponibles ici.[\/vc_column_text][\/vc_column_inner][\/vc_row_inner][vc_separator color=\u00a0\u00bbcustom\u00a0\u00bb accent_color=\u00a0\u00bb#a5c5ed\u00a0\u00bb][vc_row_inner css=\u00a0\u00bb.vc_custom_1616415802202{padding-top: 30px !important;padding-bottom: 30px !important;}\u00a0\u00bb][vc_column_inner][vc_column_text css=\u00a0\u00bb.vc_custom_1615546118110{padding-bottom: 10px !important;}\u00a0\u00bb] Qui est eureau Sources ? [\/vc_column_text][vc_column_text]eureau Sources est&hellip;<\/p>\n","protected":false},"author":1,"featured_media":0,"parent":0,"menu_order":1,"comment_status":"closed","ping_status":"closed","template":"","meta":{"inline_featured_image":false,"footnotes":""},"class_list":["post-57586","page","type-page","status-publish","hentry","description-off"],"yoast_head":"<!-- This site is optimized with the Yoast SEO plugin v27.5 - https:\/\/yoast.com\/product\/yoast-seo-wordpress\/ -->\n<title>Notre entreprise - Eureau Sources<\/title>\n<meta name=\"robots\" content=\"index, follow, max-snippet:-1, max-image-preview:large, max-video-preview:-1\" \/>\n<link rel=\"canonical\" href=\"https:\/\/www.eureausources.com\/particuliers\/notre-entreprise\/\" \/>\n<meta property=\"og:locale\" content=\"fr_FR\" \/>\n<meta property=\"og:type\" content=\"article\" \/>\n<meta property=\"og:title\" content=\"Notre entreprise - Eureau Sources\" \/>\n<meta property=\"og:description\" content=\"[vc_section][vc_row][vc_column width=\u00a0\u00bb1\/4&Prime;][vc_wp_custommenu title=\u00a0\u00bbTh\u00e9matiques\u00a0\u00bb nav_menu=\u00a0\u00bb185&Prime;][\/vc_column][vc_column width=\u00a0\u00bb3\/4&Prime;][vc_row_inner css=\u00a0\u00bb.vc_custom_1615304625263{padding-bottom: 30px !important;}\u00a0\u00bb][vc_column_inner][vc_column_text css=\u00a0\u00bb.vc_custom_1615556219751{padding-bottom: 10px !important;}\u00a0\u00bb] Comment avoir plus d\u2019informations sur les sources d\u2019eureau Sources ? [\/vc_column_text][vc_column_text]Des informations d\u00e9taill\u00e9es sur l\u2019exploitation, la production et la qualit\u00e9 chez eureau Sources sont disponibles ici.[\/vc_column_text][\/vc_column_inner][\/vc_row_inner][vc_separator color=\u00a0\u00bbcustom\u00a0\u00bb accent_color=\u00a0\u00bb#a5c5ed\u00a0\u00bb][vc_row_inner css=\u00a0\u00bb.vc_custom_1616415802202{padding-top: 30px !important;padding-bottom: 30px !important;}\u00a0\u00bb][vc_column_inner][vc_column_text css=\u00a0\u00bb.vc_custom_1615546118110{padding-bottom: 10px !important;}\u00a0\u00bb] Qui est eureau Sources ? [\/vc_column_text][vc_column_text]eureau Sources est&hellip;\" \/>\n<meta property=\"og:url\" content=\"https:\/\/www.eureausources.com\/particuliers\/notre-entreprise\/\" \/>\n<meta property=\"og:site_name\" content=\"Eureau Sources\" \/>\n<meta property=\"article:publisher\" content=\"https:\/\/www.facebook.com\/pages\/category\/Local-Business\/Eureau-Sources-572744742932879\/\" \/>\n<meta property=\"article:modified_time\" content=\"2021-03-22T12:23:38+00:00\" \/>\n<meta name=\"twitter:card\" content=\"summary_large_image\" \/>\n<meta name=\"twitter:label1\" content=\"Dur\u00e9e de lecture estim\u00e9e\" \/>\n\t<meta name=\"twitter:data1\" content=\"2 minutes\" \/>\n<script type=\"application\/ld+json\" class=\"yoast-schema-graph\">{\"@context\":\"https:\\\/\\\/schema.org\",\"@graph\":[{\"@type\":\"WebPage\",\"@id\":\"https:\\\/\\\/www.eureausources.com\\\/particuliers\\\/notre-entreprise\\\/\",\"url\":\"https:\\\/\\\/www.eureausources.com\\\/particuliers\\\/notre-entreprise\\\/\",\"name\":\"Notre entreprise - Eureau Sources\",\"isPartOf\":{\"@id\":\"https:\\\/\\\/www.eureausources.com\\\/particuliers\\\/#website\"},\"datePublished\":\"2021-03-12T10:49:07+00:00\",\"dateModified\":\"2021-03-22T12:23:38+00:00\",\"breadcrumb\":{\"@id\":\"https:\\\/\\\/www.eureausources.com\\\/particuliers\\\/notre-entreprise\\\/#breadcrumb\"},\"inLanguage\":\"fr-FR\",\"potentialAction\":[{\"@type\":\"ReadAction\",\"target\":[\"https:\\\/\\\/www.eureausources.com\\\/particuliers\\\/notre-entreprise\\\/\"]}]},{\"@type\":\"BreadcrumbList\",\"@id\":\"https:\\\/\\\/www.eureausources.com\\\/particuliers\\\/notre-entreprise\\\/#breadcrumb\",\"itemListElement\":[{\"@type\":\"ListItem\",\"position\":1,\"name\":\"Home\",\"item\":\"https:\\\/\\\/www.eureausources.com\\\/particuliers\\\/\"},{\"@type\":\"ListItem\",\"position\":2,\"name\":\"Notre entreprise\"}]},{\"@type\":\"WebSite\",\"@id\":\"https:\\\/\\\/www.eureausources.com\\\/particuliers\\\/#website\",\"url\":\"https:\\\/\\\/www.eureausources.com\\\/particuliers\\\/\",\"name\":\"eureauSources\",\"description\":\"A la source de nos r\u00e9gions\",\"publisher\":{\"@id\":\"https:\\\/\\\/www.eureausources.com\\\/particuliers\\\/#organization\"},\"potentialAction\":[{\"@type\":\"SearchAction\",\"target\":{\"@type\":\"EntryPoint\",\"urlTemplate\":\"https:\\\/\\\/www.eureausources.com\\\/particuliers\\\/?s={search_term_string}\"},\"query-input\":{\"@type\":\"PropertyValueSpecification\",\"valueRequired\":true,\"valueName\":\"search_term_string\"}}],\"inLanguage\":\"fr-FR\"},{\"@type\":\"Organization\",\"@id\":\"https:\\\/\\\/www.eureausources.com\\\/particuliers\\\/#organization\",\"name\":\"eureauSources\",\"url\":\"https:\\\/\\\/www.eureausources.com\\\/particuliers\\\/\",\"logo\":{\"@type\":\"ImageObject\",\"inLanguage\":\"fr-FR\",\"@id\":\"https:\\\/\\\/www.eureausources.com\\\/particuliers\\\/#\\\/schema\\\/logo\\\/image\\\/\",\"url\":\"https:\\\/\\\/www.eureausources.com\\\/particuliers\\\/wp-content\\\/uploads\\\/2021\\\/03\\\/logo-eureau-sources-header@3x-e1615209373705.png\",\"contentUrl\":\"https:\\\/\\\/www.eureausources.com\\\/particuliers\\\/wp-content\\\/uploads\\\/2021\\\/03\\\/logo-eureau-sources-header@3x-e1615209373705.png\",\"width\":200,\"height\":85,\"caption\":\"eureauSources\"},\"image\":{\"@id\":\"https:\\\/\\\/www.eureausources.com\\\/particuliers\\\/#\\\/schema\\\/logo\\\/image\\\/\"},\"sameAs\":[\"https:\\\/\\\/www.facebook.com\\\/pages\\\/category\\\/Local-Business\\\/Eureau-Sources-572744742932879\\\/\"]}]}<\/script>\n<!-- \/ Yoast SEO plugin. -->","yoast_head_json":{"title":"Notre entreprise - Eureau Sources","robots":{"index":"index","follow":"follow","max-snippet":"max-snippet:-1","max-image-preview":"max-image-preview:large","max-video-preview":"max-video-preview:-1"},"canonical":"https:\/\/www.eureausources.com\/particuliers\/notre-entreprise\/","og_locale":"fr_FR","og_type":"article","og_title":"Notre entreprise - Eureau Sources","og_description":"[vc_section][vc_row][vc_column width=\u00a0\u00bb1\/4&Prime;][vc_wp_custommenu title=\u00a0\u00bbTh\u00e9matiques\u00a0\u00bb nav_menu=\u00a0\u00bb185&Prime;][\/vc_column][vc_column width=\u00a0\u00bb3\/4&Prime;][vc_row_inner css=\u00a0\u00bb.vc_custom_1615304625263{padding-bottom: 30px !important;}\u00a0\u00bb][vc_column_inner][vc_column_text css=\u00a0\u00bb.vc_custom_1615556219751{padding-bottom: 10px !important;}\u00a0\u00bb] Comment avoir plus d\u2019informations sur les sources d\u2019eureau Sources ? [\/vc_column_text][vc_column_text]Des informations d\u00e9taill\u00e9es sur l\u2019exploitation, la production et la qualit\u00e9 chez eureau Sources sont disponibles ici.[\/vc_column_text][\/vc_column_inner][\/vc_row_inner][vc_separator color=\u00a0\u00bbcustom\u00a0\u00bb accent_color=\u00a0\u00bb#a5c5ed\u00a0\u00bb][vc_row_inner css=\u00a0\u00bb.vc_custom_1616415802202{padding-top: 30px !important;padding-bottom: 30px !important;}\u00a0\u00bb][vc_column_inner][vc_column_text css=\u00a0\u00bb.vc_custom_1615546118110{padding-bottom: 10px !important;}\u00a0\u00bb] Qui est eureau Sources ? [\/vc_column_text][vc_column_text]eureau Sources est&hellip;","og_url":"https:\/\/www.eureausources.com\/particuliers\/notre-entreprise\/","og_site_name":"Eureau Sources","article_publisher":"https:\/\/www.facebook.com\/pages\/category\/Local-Business\/Eureau-Sources-572744742932879\/","article_modified_time":"2021-03-22T12:23:38+00:00","twitter_card":"summary_large_image","twitter_misc":{"Dur\u00e9e de lecture estim\u00e9e":"2 minutes"},"schema":{"@context":"https:\/\/schema.org","@graph":[{"@type":"WebPage","@id":"https:\/\/www.eureausources.com\/particuliers\/notre-entreprise\/","url":"https:\/\/www.eureausources.com\/particuliers\/notre-entreprise\/","name":"Notre entreprise - Eureau Sources","isPartOf":{"@id":"https:\/\/www.eureausources.com\/particuliers\/#website"},"datePublished":"2021-03-12T10:49:07+00:00","dateModified":"2021-03-22T12:23:38+00:00","breadcrumb":{"@id":"https:\/\/www.eureausources.com\/particuliers\/notre-entreprise\/#breadcrumb"},"inLanguage":"fr-FR","potentialAction":[{"@type":"ReadAction","target":["https:\/\/www.eureausources.com\/particuliers\/notre-entreprise\/"]}]},{"@type":"BreadcrumbList","@id":"https:\/\/www.eureausources.com\/particuliers\/notre-entreprise\/#breadcrumb","itemListElement":[{"@type":"ListItem","position":1,"name":"Home","item":"https:\/\/www.eureausources.com\/particuliers\/"},{"@type":"ListItem","position":2,"name":"Notre entreprise"}]},{"@type":"WebSite","@id":"https:\/\/www.eureausources.com\/particuliers\/#website","url":"https:\/\/www.eureausources.com\/particuliers\/","name":"eureauSources","description":"A la source de nos r\u00e9gions","publisher":{"@id":"https:\/\/www.eureausources.com\/particuliers\/#organization"},"potentialAction":[{"@type":"SearchAction","target":{"@type":"EntryPoint","urlTemplate":"https:\/\/www.eureausources.com\/particuliers\/?s={search_term_string}"},"query-input":{"@type":"PropertyValueSpecification","valueRequired":true,"valueName":"search_term_string"}}],"inLanguage":"fr-FR"},{"@type":"Organization","@id":"https:\/\/www.eureausources.com\/particuliers\/#organization","name":"eureauSources","url":"https:\/\/www.eureausources.com\/particuliers\/","logo":{"@type":"ImageObject","inLanguage":"fr-FR","@id":"https:\/\/www.eureausources.com\/particuliers\/#\/schema\/logo\/image\/","url":"https:\/\/www.eureausources.com\/particuliers\/wp-content\/uploads\/2021\/03\/logo-eureau-sources-header@3x-e1615209373705.png","contentUrl":"https:\/\/www.eureausources.com\/particuliers\/wp-content\/uploads\/2021\/03\/logo-eureau-sources-header@3x-e1615209373705.png","width":200,"height":85,"caption":"eureauSources"},"image":{"@id":"https:\/\/www.eureausources.com\/particuliers\/#\/schema\/logo\/image\/"},"sameAs":["https:\/\/www.facebook.com\/pages\/category\/Local-Business\/Eureau-Sources-572744742932879\/"]}]}},"_links":{"self":[{"href":"https:\/\/www.eureausources.com\/particuliers\/wp-json\/wp\/v2\/pages\/57586","targetHints":{"allow":["GET"]}}],"collection":[{"href":"https:\/\/www.eureausources.com\/particuliers\/wp-json\/wp\/v2\/pages"}],"about":[{"href":"https:\/\/www.eureausources.com\/particuliers\/wp-json\/wp\/v2\/types\/page"}],"author":[{"embeddable":true,"href":"https:\/\/www.eureausources.com\/particuliers\/wp-json\/wp\/v2\/users\/1"}],"replies":[{"embeddable":true,"href":"https:\/\/www.eureausources.com\/particuliers\/wp-json\/wp\/v2\/comments?post=57586"}],"version-history":[{"count":9,"href":"https:\/\/www.eureausources.com\/particuliers\/wp-json\/wp\/v2\/pages\/57586\/revisions"}],"predecessor-version":[{"id":57788,"href":"https:\/\/www.eureausources.com\/particuliers\/wp-json\/wp\/v2\/pages\/57586\/revisions\/57788"}],"wp:attachment":[{"href":"https:\/\/www.eureausources.com\/particuliers\/wp-json\/wp\/v2\/media?parent=57586"}],"curies":[{"name":"wp","href":"https:\/\/api.w.org\/{rel}","templated":true}]}}